{"id":33,"date":"2020-04-13T11:18:48","date_gmt":"2020-04-13T11:18:48","guid":{"rendered":"https:\/\/cazaretargucarbunesti.ro\/index.php\/contact\/"},"modified":"2023-03-02T23:39:45","modified_gmt":"2023-03-02T23:39:45","slug":"contact","status":"publish","type":"page","link":"https:\/\/cazaretargucarbunesti.ro\/index.php\/contact\/","title":{"rendered":"Contact"},"content":{"rendered":"\t\t<div data-elementor-type=\"wp-page\" data-elementor-id=\"33\" class=\"elementor elementor-33\">\n\t\t\t\t\t\t\t\t\t<section class=\"elementor-section elementor-top-section elementor-element elementor-element-ede6f42 elementor-section-boxed elementor-section-height-default elementor-section-height-default\" data-id=\"ede6f42\" data-element_type=\"section\" data-settings=\"{&quot;background_background&quot;:&quot;classic&quot;}\">\n\t\t\t\t\t\t\t<div class=\"elementor-background-overlay\"><\/div>\n\t\t\t\t\t\t\t<div class=\"elementor-container elementor-column-gap-default\">\n\t\t\t\t\t<div class=\"elementor-column elementor-col-100 elementor-top-column elementor-element elementor-element-bc6a053\" data-id=\"bc6a053\" data-element_type=\"column\">\n\t\t\t<div class=\"elementor-widget-wrap elementor-element-populated\">\n\t\t\t\t\t\t\t\t<div class=\"elementor-element elementor-element-32a6ad1b elementor-widget elementor-widget-heading\" data-id=\"32a6ad1b\" data-element_type=\"widget\" data-widget_type=\"heading.default\">\n\t\t\t\t<div class=\"elementor-widget-container\">\n\t\t\t<style>\/*! elementor - v3.11.3 - 07-03-2023 *\/\n.elementor-heading-title{padding:0;margin:0;line-height:1}.elementor-widget-heading .elementor-heading-title[class*=elementor-size-]>a{color:inherit;font-size:inherit;line-height:inherit}.elementor-widget-heading .elementor-heading-title.elementor-size-small{font-size:15px}.elementor-widget-heading .elementor-heading-title.elementor-size-medium{font-size:19px}.elementor-widget-heading .elementor-heading-title.elementor-size-large{font-size:29px}.elementor-widget-heading .elementor-heading-title.elementor-size-xl{font-size:39px}.elementor-widget-heading .elementor-heading-title.elementor-size-xxl{font-size:59px}<\/style><h1 class=\"elementor-heading-title elementor-size-default\">Contact<\/h1>\t\t<\/div>\n\t\t\t\t<\/div>\n\t\t\t\t\t<\/div>\n\t\t<\/div>\n\t\t\t\t\t\t\t<\/div>\n\t\t<\/section>\n\t\t\t\t<section class=\"elementor-section elementor-top-section elementor-element elementor-element-29b02a85 elementor-section-content-top elementor-section-boxed elementor-section-height-default elementor-section-height-default\" data-id=\"29b02a85\" data-element_type=\"section\">\n\t\t\t\t\t\t<div class=\"elementor-container elementor-column-gap-no\">\n\t\t\t\t\t<div class=\"elementor-column elementor-col-50 elementor-top-column elementor-element elementor-element-30c96c92\" data-id=\"30c96c92\" data-element_type=\"column\">\n\t\t\t<div class=\"elementor-widget-wrap elementor-element-populated\">\n\t\t\t\t\t\t\t\t<div class=\"elementor-element elementor-element-552c4f6 elementor-widget elementor-widget-heading\" data-id=\"552c4f6\" data-element_type=\"widget\" data-widget_type=\"heading.default\">\n\t\t\t\t<div class=\"elementor-widget-container\">\n\t\t\t<h2 class=\"elementor-heading-title elementor-size-default\">Despre noi<\/h2>\t\t<\/div>\n\t\t\t\t<\/div>\n\t\t\t\t<div class=\"elementor-element elementor-element-797852d1 elementor-widget elementor-widget-heading\" data-id=\"797852d1\" data-element_type=\"widget\" data-widget_type=\"heading.default\">\n\t\t\t\t<div class=\"elementor-widget-container\">\n\t\t\t<h3 class=\"elementor-heading-title elementor-size-default\">Num\u0103r de contact<\/h3>\t\t<\/div>\n\t\t\t\t<\/div>\n\t\t\t\t<div class=\"elementor-element elementor-element-742fde44 elementor-icon-list--layout-traditional elementor-list-item-link-full_width elementor-widget elementor-widget-icon-list\" data-id=\"742fde44\" data-element_type=\"widget\" data-widget_type=\"icon-list.default\">\n\t\t\t\t<div class=\"elementor-widget-container\">\n\t\t\t<link rel=\"stylesheet\" href=\"https:\/\/cazaretargucarbunesti.ro\/wp-content\/plugins\/elementor\/assets\/css\/widget-icon-list.min.css\">\t\t<ul class=\"elementor-icon-list-items\">\n\t\t\t\t\t\t\t<li class=\"elementor-icon-list-item\">\n\t\t\t\t\t\t\t\t\t\t\t<a href=\"tel:0771490276\">\n\n\t\t\t\t\t\t\t\t\t\t\t\t<span class=\"elementor-icon-list-icon\">\n\t\t\t\t\t\t\t<i aria-hidden=\"true\" class=\"fas fa-phone-square\"><\/i>\t\t\t\t\t\t<\/span>\n\t\t\t\t\t\t\t\t\t\t<span class=\"elementor-icon-list-text\">0771 490 276<\/span>\n\t\t\t\t\t\t\t\t\t\t\t<\/a>\n\t\t\t\t\t\t\t\t\t<\/li>\n\t\t\t\t\t\t<\/ul>\n\t\t\t\t<\/div>\n\t\t\t\t<\/div>\n\t\t\t\t<div class=\"elementor-element elementor-element-ff1c11b elementor-widget elementor-widget-heading\" data-id=\"ff1c11b\" data-element_type=\"widget\" data-widget_type=\"heading.default\">\n\t\t\t\t<div class=\"elementor-widget-container\">\n\t\t\t<h3 class=\"elementor-heading-title elementor-size-default\">Adresa de email<\/h3>\t\t<\/div>\n\t\t\t\t<\/div>\n\t\t\t\t<div class=\"elementor-element elementor-element-4e3eee7 elementor-icon-list--layout-traditional elementor-list-item-link-full_width elementor-widget elementor-widget-icon-list\" data-id=\"4e3eee7\" data-element_type=\"widget\" data-widget_type=\"icon-list.default\">\n\t\t\t\t<div class=\"elementor-widget-container\">\n\t\t\t\t\t<ul class=\"elementor-icon-list-items\">\n\t\t\t\t\t\t\t<li class=\"elementor-icon-list-item\">\n\t\t\t\t\t\t\t\t\t\t\t<a href=\"mailto:premiumgilort@gmail.com\">\n\n\t\t\t\t\t\t\t\t\t\t\t\t<span class=\"elementor-icon-list-icon\">\n\t\t\t\t\t\t\t<i aria-hidden=\"true\" class=\"fas fa-info-circle\"><\/i>\t\t\t\t\t\t<\/span>\n\t\t\t\t\t\t\t\t\t\t<span class=\"elementor-icon-list-text\">premiumgilort@gmail.com<\/span>\n\t\t\t\t\t\t\t\t\t\t\t<\/a>\n\t\t\t\t\t\t\t\t\t<\/li>\n\t\t\t\t\t\t<\/ul>\n\t\t\t\t<\/div>\n\t\t\t\t<\/div>\n\t\t\t\t<div class=\"elementor-element elementor-element-14e22082 elementor-widget elementor-widget-heading\" data-id=\"14e22082\" data-element_type=\"widget\" data-widget_type=\"heading.default\">\n\t\t\t\t<div class=\"elementor-widget-container\">\n\t\t\t<h3 class=\"elementor-heading-title elementor-size-default\">Program<\/h3>\t\t<\/div>\n\t\t\t\t<\/div>\n\t\t\t\t<div class=\"elementor-element elementor-element-43f62fc elementor-icon-list--layout-traditional elementor-list-item-link-full_width elementor-widget elementor-widget-icon-list\" data-id=\"43f62fc\" data-element_type=\"widget\" data-widget_type=\"icon-list.default\">\n\t\t\t\t<div class=\"elementor-widget-container\">\n\t\t\t\t\t<ul class=\"elementor-icon-list-items\">\n\t\t\t\t\t\t\t<li class=\"elementor-icon-list-item\">\n\t\t\t\t\t\t\t\t\t\t\t<span class=\"elementor-icon-list-icon\">\n\t\t\t\t\t\t\t\t\t\t\t\t\t<\/span>\n\t\t\t\t\t\t\t\t\t\t<span class=\"elementor-icon-list-text\">Program nonstop<\/span>\n\t\t\t\t\t\t\t\t\t<\/li>\n\t\t\t\t\t\t<\/ul>\n\t\t\t\t<\/div>\n\t\t\t\t<\/div>\n\t\t\t\t\t<\/div>\n\t\t<\/div>\n\t\t\t\t<div class=\"elementor-column elementor-col-50 elementor-top-column elementor-element elementor-element-f174397\" data-id=\"f174397\" data-element_type=\"column\">\n\t\t\t<div class=\"elementor-widget-wrap elementor-element-populated\">\n\t\t\t\t\t\t\t\t<div class=\"elementor-element elementor-element-ec668b3 elementor-widget elementor-widget-heading\" data-id=\"ec668b3\" data-element_type=\"widget\" data-widget_type=\"heading.default\">\n\t\t\t\t<div class=\"elementor-widget-container\">\n\t\t\t<h2 class=\"elementor-heading-title elementor-size-default\">Trimite-ne un mesaj<\/h2>\t\t<\/div>\n\t\t\t\t<\/div>\n\t\t\t\t<div class=\"elementor-element elementor-element-6af7d36 elementor-widget elementor-widget-shortcode\" data-id=\"6af7d36\" data-element_type=\"widget\" data-widget_type=\"shortcode.default\">\n\t\t\t\t<div class=\"elementor-widget-container\">\n\t\t\t\t\t<div class=\"elementor-shortcode\"><div class=\"wpforms-container \" id=\"wpforms-6\"><form id=\"wpforms-form-6\" class=\"wpforms-validate wpforms-form\" data-formid=\"6\" method=\"post\" enctype=\"multipart\/form-data\" action=\"\/index.php\/wp-json\/wp\/v2\/pages\/33\" data-token=\"70f33318c2668b1afe803fbafb4f8b0c\"><noscript class=\"wpforms-error-noscript\">Please enable JavaScript in your browser to complete this form.<\/noscript><div class=\"wpforms-field-container\"><div id=\"wpforms-6-field_3-container\" class=\"wpforms-field wpforms-field-name\" data-field-id=\"3\"><label class=\"wpforms-field-label wpforms-label-hide\" for=\"wpforms-6-field_3\">Nume <span class=\"wpforms-required-label\">*<\/span><\/label><input type=\"text\" id=\"wpforms-6-field_3\" class=\"wpforms-field-large wpforms-field-required\" name=\"wpforms[fields][3]\" placeholder=\"Nume\" required><\/div><div id=\"wpforms-6-field_4-container\" class=\"wpforms-field wpforms-field-name\" data-field-id=\"4\"><label class=\"wpforms-field-label wpforms-label-hide\" for=\"wpforms-6-field_4\">Num\u0103r de telefon <span class=\"wpforms-required-label\">*<\/span><\/label><input type=\"text\" id=\"wpforms-6-field_4\" class=\"wpforms-field-large wpforms-field-required\" name=\"wpforms[fields][4]\" placeholder=\"Num\u0103r de telefon\" required><\/div><div id=\"wpforms-6-field_1-container\" class=\"wpforms-field wpforms-field-email\" data-field-id=\"1\"><label class=\"wpforms-field-label wpforms-label-hide\" for=\"wpforms-6-field_1\">Email <span class=\"wpforms-required-label\">*<\/span><\/label><input type=\"email\" id=\"wpforms-6-field_1\" class=\"wpforms-field-large wpforms-field-required\" name=\"wpforms[fields][1]\" placeholder=\"Adresa de email\" required><\/div><div id=\"wpforms-6-field_5-container\" class=\"wpforms-field wpforms-field-textarea\" data-field-id=\"5\"><label class=\"wpforms-field-label wpforms-label-hide\" for=\"wpforms-6-field_5\">Mesaj<\/label><textarea id=\"wpforms-6-field_5\" class=\"wpforms-field-medium\" name=\"wpforms[fields][5]\" placeholder=\"Adauga\u021bi mesajul dorit\" ><\/textarea><\/div><\/div><div class=\"wpforms-field wpforms-field-hp\"><label for=\"wpforms-6-field-hp\" class=\"wpforms-field-label\">Name<\/label><input type=\"text\" name=\"wpforms[hp]\" id=\"wpforms-6-field-hp\" class=\"wpforms-field-medium\"><\/div><div class=\"wpforms-submit-container\"><input type=\"hidden\" name=\"wpforms[id]\" value=\"6\"><input type=\"hidden\" name=\"wpforms[author]\" value=\"2\"><button type=\"submit\" name=\"wpforms[submit]\" id=\"wpforms-submit-6\" class=\"wpforms-submit\" data-alt-text=\"\u00cen curs de trimitere...\" data-submit-text=\"Trimite mesajul\" aria-live=\"assertive\" value=\"wpforms-submit\">Trimite mesajul<\/button><\/div><\/form><\/div>  <!-- .wpforms-container --><\/div>\n\t\t\t\t<\/div>\n\t\t\t\t<\/div>\n\t\t\t\t\t<\/div>\n\t\t<\/div>\n\t\t\t\t\t\t\t<\/div>\n\t\t<\/section>\n\t\t\t\t<section class=\"elementor-section elementor-top-section elementor-element elementor-element-56d42b9b elementor-section-full_width elementor-section-height-default elementor-section-height-default\" data-id=\"56d42b9b\" data-element_type=\"section\">\n\t\t\t\t\t\t<div class=\"elementor-container elementor-column-gap-default\">\n\t\t\t\t\t<div class=\"elementor-column elementor-col-100 elementor-top-column elementor-element elementor-element-6513eb05\" data-id=\"6513eb05\" data-element_type=\"column\">\n\t\t\t<div class=\"elementor-widget-wrap elementor-element-populated\">\n\t\t\t\t\t\t\t\t<div class=\"elementor-element elementor-element-14675dc8 elementor-widget elementor-widget-google_maps\" data-id=\"14675dc8\" data-element_type=\"widget\" data-widget_type=\"google_maps.default\">\n\t\t\t\t<div class=\"elementor-widget-container\">\n\t\t\t<style>\/*! elementor - v3.11.3 - 07-03-2023 *\/\n.elementor-widget-google_maps .elementor-widget-container{overflow:hidden}.elementor-widget-google_maps .elementor-custom-embed{line-height:0}.elementor-widget-google_maps iframe{height:300px}<\/style>\t\t<div class=\"elementor-custom-embed\">\n\t\t\t<iframe loading=\"lazy\"\n\t\t\t\t\tsrc=\"https:\/\/maps.google.com\/maps?q=Hotel%20Gilort%2C%20Strada%20Trandafirilor%2036%20b%2C%20T%C3%A2rgu%20C%C4%83rbune%C8%99ti%20215500&#038;t=m&#038;z=16&#038;output=embed&#038;iwloc=near\"\n\t\t\t\t\ttitle=\"Hotel Gilort, Strada Trandafirilor 36 b, T\u00e2rgu C\u0103rbune\u0219ti 215500\"\n\t\t\t\t\taria-label=\"Hotel Gilort, Strada Trandafirilor 36 b, T\u00e2rgu C\u0103rbune\u0219ti 215500\"\n\t\t\t><\/iframe>\n\t\t<\/div>\n\t\t\t\t<\/div>\n\t\t\t\t<\/div>\n\t\t\t\t\t<\/div>\n\t\t<\/div>\n\t\t\t\t\t\t\t<\/div>\n\t\t<\/section>\n\t\t\t\t\t\t\t<\/div>\n\t\t","protected":false},"excerpt":{"rendered":"<p>Contact Despre noi Num\u0103r de contact 0771 490 276 Adresa de email premiumgilort@gmail.com Program Program nonstop Trimite-ne un mesaj<\/p>\n","protected":false},"author":2,"featured_media":0,"parent":0,"menu_order":0,"comment_status":"closed","ping_status":"closed","template":"","meta":{"site-sidebar-layout":"no-sidebar","site-content-layout":"page-builder","ast-global-header-display":"","ast-main-header-display":"","ast-hfb-above-header-display":"","ast-hfb-below-header-display":"","ast-hfb-mobile-header-display":"","site-post-title":"disabled","ast-breadcrumbs-content":"","ast-featured-img":"","footer-sml-layout":"","theme-transparent-header-meta":"enabled","adv-header-id-meta":"","stick-header-meta":"","header-above-stick-meta":"","header-main-stick-meta":"","header-below-stick-meta":"","footnotes":""},"class_list":["post-33","page","type-page","status-publish","hentry"],"yoast_head":"<!-- This site is optimized with the Yoast SEO plugin v20.2.1 - https:\/\/yoast.com\/wordpress\/plugins\/seo\/ -->\n<title>Contact - Hotel Gilort - Cazare T\u00e2rgu C\u0103rbune\u0219ti<\/title>\n<meta name=\"description\" content=\"Hotel Gilort \u00ee\u0219i deschide por\u021bile pentru dumneavoastr\u0103! Dup\u0103 un amplu program de modernizare, v\u0103 a\u0219teptam la loca\u021bia noastr\u0103 situata \u00een ora\u0219ul T\u00e2rgu C\u0103rbune\u0219ti pentru v\u0103 pune la dispozi\u021bie camere ideale la cel mai bun pre\u021b de pe pia\u021b\u0103.\" \/>\n<meta name=\"robots\" content=\"index, follow, max-snippet:-1, max-image-preview:large, max-video-preview:-1\" \/>\n<link rel=\"canonical\" href=\"https:\/\/cazaretargucarbunesti.ro\/index.php\/contact\/\" \/>\n<meta property=\"og:locale\" content=\"en_US\" \/>\n<meta property=\"og:type\" content=\"article\" \/>\n<meta property=\"og:title\" content=\"Contact - Hotel Gilort - Cazare T\u00e2rgu C\u0103rbune\u0219ti\" \/>\n<meta property=\"og:description\" content=\"Hotel Gilort \u00ee\u0219i deschide por\u021bile pentru dumneavoastr\u0103! Dup\u0103 un amplu program de modernizare, v\u0103 a\u0219teptam la loca\u021bia noastr\u0103 situata \u00een ora\u0219ul T\u00e2rgu C\u0103rbune\u0219ti pentru v\u0103 pune la dispozi\u021bie camere ideale la cel mai bun pre\u021b de pe pia\u021b\u0103.\" \/>\n<meta property=\"og:url\" content=\"https:\/\/cazaretargucarbunesti.ro\/index.php\/contact\/\" \/>\n<meta property=\"og:site_name\" content=\"Hotel Gilort - Cazare T\u00e2rgu C\u0103rbune\u0219ti\" \/>\n<meta property=\"article:publisher\" content=\"https:\/\/www.facebook.com\/HotelGilort\" \/>\n<meta property=\"article:modified_time\" content=\"2023-03-02T23:39:45+00:00\" \/>\n<meta name=\"twitter:card\" content=\"summary_large_image\" \/>\n<meta name=\"twitter:label1\" content=\"Est. reading time\" \/>\n\t<meta name=\"twitter:data1\" content=\"1 minute\" \/>\n<script type=\"application\/ld+json\" class=\"yoast-schema-graph\">{\"@context\":\"https:\/\/schema.org\",\"@graph\":[{\"@type\":\"WebPage\",\"@id\":\"https:\/\/cazaretargucarbunesti.ro\/index.php\/contact\/\",\"url\":\"https:\/\/cazaretargucarbunesti.ro\/index.php\/contact\/\",\"name\":\"Contact - Hotel Gilort - Cazare T\u00e2rgu C\u0103rbune\u0219ti\",\"isPartOf\":{\"@id\":\"https:\/\/cazaretargucarbunesti.ro\/#website\"},\"datePublished\":\"2020-04-13T11:18:48+00:00\",\"dateModified\":\"2023-03-02T23:39:45+00:00\",\"description\":\"Hotel Gilort \u00ee\u0219i deschide por\u021bile pentru dumneavoastr\u0103! Dup\u0103 un amplu program de modernizare, v\u0103 a\u0219teptam la loca\u021bia noastr\u0103 situata \u00een ora\u0219ul T\u00e2rgu C\u0103rbune\u0219ti pentru v\u0103 pune la dispozi\u021bie camere ideale la cel mai bun pre\u021b de pe pia\u021b\u0103.\",\"breadcrumb\":{\"@id\":\"https:\/\/cazaretargucarbunesti.ro\/index.php\/contact\/#breadcrumb\"},\"inLanguage\":\"en-US\",\"potentialAction\":[{\"@type\":\"ReadAction\",\"target\":[\"https:\/\/cazaretargucarbunesti.ro\/index.php\/contact\/\"]}]},{\"@type\":\"BreadcrumbList\",\"@id\":\"https:\/\/cazaretargucarbunesti.ro\/index.php\/contact\/#breadcrumb\",\"itemListElement\":[{\"@type\":\"ListItem\",\"position\":1,\"name\":\"Home\",\"item\":\"https:\/\/cazaretargucarbunesti.ro\/\"},{\"@type\":\"ListItem\",\"position\":2,\"name\":\"Contact\"}]},{\"@type\":\"WebSite\",\"@id\":\"https:\/\/cazaretargucarbunesti.ro\/#website\",\"url\":\"https:\/\/cazaretargucarbunesti.ro\/\",\"name\":\"Hotel Gilort - Cazare T\u00e2rgu C\u0103rbune\u0219ti\",\"description\":\"Hotel Gilort \u00ee\u0219i deschide por\u021bile pentru dumneavoastr\u0103! Dup\u0103 un amplu program de modernizare, v\u0103 a\u0219teptam la loca\u021bia noastr\u0103 situata \u00een ora\u0219ul T\u00e2rgu C\u0103rbune\u0219ti pentru v\u0103 pune la dispozi\u021bie camere ideale la cel mai bun pre\u021b de pe pia\u021b\u0103.\",\"publisher\":{\"@id\":\"https:\/\/cazaretargucarbunesti.ro\/#organization\"},\"potentialAction\":[{\"@type\":\"SearchAction\",\"target\":{\"@type\":\"EntryPoint\",\"urlTemplate\":\"https:\/\/cazaretargucarbunesti.ro\/?s={search_term_string}\"},\"query-input\":\"required name=search_term_string\"}],\"inLanguage\":\"en-US\"},{\"@type\":\"Organization\",\"@id\":\"https:\/\/cazaretargucarbunesti.ro\/#organization\",\"name\":\"Hotel Gilort - Cazare T\u00e2rgu C\u0103rbune\u0219ti\",\"url\":\"https:\/\/cazaretargucarbunesti.ro\/\",\"logo\":{\"@type\":\"ImageObject\",\"inLanguage\":\"en-US\",\"@id\":\"https:\/\/cazaretargucarbunesti.ro\/#\/schema\/logo\/image\/\",\"url\":\"https:\/\/cazaretargucarbunesti.ro\/wp-content\/uploads\/2023\/03\/logo2_gold.png\",\"contentUrl\":\"https:\/\/cazaretargucarbunesti.ro\/wp-content\/uploads\/2023\/03\/logo2_gold.png\",\"width\":150,\"height\":150,\"caption\":\"Hotel Gilort - Cazare T\u00e2rgu C\u0103rbune\u0219ti\"},\"image\":{\"@id\":\"https:\/\/cazaretargucarbunesti.ro\/#\/schema\/logo\/image\/\"},\"sameAs\":[\"https:\/\/www.facebook.com\/HotelGilort\"]}]}<\/script>\n<!-- \/ Yoast SEO plugin. -->","yoast_head_json":{"title":"Contact - Hotel Gilort - Cazare T\u00e2rgu C\u0103rbune\u0219ti","description":"Hotel Gilort \u00ee\u0219i deschide por\u021bile pentru dumneavoastr\u0103! Dup\u0103 un amplu program de modernizare, v\u0103 a\u0219teptam la loca\u021bia noastr\u0103 situata \u00een ora\u0219ul T\u00e2rgu C\u0103rbune\u0219ti pentru v\u0103 pune la dispozi\u021bie camere ideale la cel mai bun pre\u021b de pe pia\u021b\u0103.","robots":{"index":"index","follow":"follow","max-snippet":"max-snippet:-1","max-image-preview":"max-image-preview:large","max-video-preview":"max-video-preview:-1"},"canonical":"https:\/\/cazaretargucarbunesti.ro\/index.php\/contact\/","og_locale":"en_US","og_type":"article","og_title":"Contact - Hotel Gilort - Cazare T\u00e2rgu C\u0103rbune\u0219ti","og_description":"Hotel Gilort \u00ee\u0219i deschide por\u021bile pentru dumneavoastr\u0103! Dup\u0103 un amplu program de modernizare, v\u0103 a\u0219teptam la loca\u021bia noastr\u0103 situata \u00een ora\u0219ul T\u00e2rgu C\u0103rbune\u0219ti pentru v\u0103 pune la dispozi\u021bie camere ideale la cel mai bun pre\u021b de pe pia\u021b\u0103.","og_url":"https:\/\/cazaretargucarbunesti.ro\/index.php\/contact\/","og_site_name":"Hotel Gilort - Cazare T\u00e2rgu C\u0103rbune\u0219ti","article_publisher":"https:\/\/www.facebook.com\/HotelGilort","article_modified_time":"2023-03-02T23:39:45+00:00","twitter_card":"summary_large_image","twitter_misc":{"Est. reading time":"1 minute"},"schema":{"@context":"https:\/\/schema.org","@graph":[{"@type":"WebPage","@id":"https:\/\/cazaretargucarbunesti.ro\/index.php\/contact\/","url":"https:\/\/cazaretargucarbunesti.ro\/index.php\/contact\/","name":"Contact - Hotel Gilort - Cazare T\u00e2rgu C\u0103rbune\u0219ti","isPartOf":{"@id":"https:\/\/cazaretargucarbunesti.ro\/#website"},"datePublished":"2020-04-13T11:18:48+00:00","dateModified":"2023-03-02T23:39:45+00:00","description":"Hotel Gilort \u00ee\u0219i deschide por\u021bile pentru dumneavoastr\u0103! Dup\u0103 un amplu program de modernizare, v\u0103 a\u0219teptam la loca\u021bia noastr\u0103 situata \u00een ora\u0219ul T\u00e2rgu C\u0103rbune\u0219ti pentru v\u0103 pune la dispozi\u021bie camere ideale la cel mai bun pre\u021b de pe pia\u021b\u0103.","breadcrumb":{"@id":"https:\/\/cazaretargucarbunesti.ro\/index.php\/contact\/#breadcrumb"},"inLanguage":"en-US","potentialAction":[{"@type":"ReadAction","target":["https:\/\/cazaretargucarbunesti.ro\/index.php\/contact\/"]}]},{"@type":"BreadcrumbList","@id":"https:\/\/cazaretargucarbunesti.ro\/index.php\/contact\/#breadcrumb","itemListElement":[{"@type":"ListItem","position":1,"name":"Home","item":"https:\/\/cazaretargucarbunesti.ro\/"},{"@type":"ListItem","position":2,"name":"Contact"}]},{"@type":"WebSite","@id":"https:\/\/cazaretargucarbunesti.ro\/#website","url":"https:\/\/cazaretargucarbunesti.ro\/","name":"Hotel Gilort - Cazare T\u00e2rgu C\u0103rbune\u0219ti","description":"Hotel Gilort \u00ee\u0219i deschide por\u021bile pentru dumneavoastr\u0103! Dup\u0103 un amplu program de modernizare, v\u0103 a\u0219teptam la loca\u021bia noastr\u0103 situata \u00een ora\u0219ul T\u00e2rgu C\u0103rbune\u0219ti pentru v\u0103 pune la dispozi\u021bie camere ideale la cel mai bun pre\u021b de pe pia\u021b\u0103.","publisher":{"@id":"https:\/\/cazaretargucarbunesti.ro\/#organization"},"potentialAction":[{"@type":"SearchAction","target":{"@type":"EntryPoint","urlTemplate":"https:\/\/cazaretargucarbunesti.ro\/?s={search_term_string}"},"query-input":"required name=search_term_string"}],"inLanguage":"en-US"},{"@type":"Organization","@id":"https:\/\/cazaretargucarbunesti.ro\/#organization","name":"Hotel Gilort - Cazare T\u00e2rgu C\u0103rbune\u0219ti","url":"https:\/\/cazaretargucarbunesti.ro\/","logo":{"@type":"ImageObject","inLanguage":"en-US","@id":"https:\/\/cazaretargucarbunesti.ro\/#\/schema\/logo\/image\/","url":"https:\/\/cazaretargucarbunesti.ro\/wp-content\/uploads\/2023\/03\/logo2_gold.png","contentUrl":"https:\/\/cazaretargucarbunesti.ro\/wp-content\/uploads\/2023\/03\/logo2_gold.png","width":150,"height":150,"caption":"Hotel Gilort - Cazare T\u00e2rgu C\u0103rbune\u0219ti"},"image":{"@id":"https:\/\/cazaretargucarbunesti.ro\/#\/schema\/logo\/image\/"},"sameAs":["https:\/\/www.facebook.com\/HotelGilort"]}]}},"_links":{"self":[{"href":"https:\/\/cazaretargucarbunesti.ro\/index.php\/wp-json\/wp\/v2\/pages\/33","targetHints":{"allow":["GET"]}}],"collection":[{"href":"https:\/\/cazaretargucarbunesti.ro\/index.php\/wp-json\/wp\/v2\/pages"}],"about":[{"href":"https:\/\/cazaretargucarbunesti.ro\/index.php\/wp-json\/wp\/v2\/types\/page"}],"author":[{"embeddable":true,"href":"https:\/\/cazaretargucarbunesti.ro\/index.php\/wp-json\/wp\/v2\/users\/2"}],"replies":[{"embeddable":true,"href":"https:\/\/cazaretargucarbunesti.ro\/index.php\/wp-json\/wp\/v2\/comments?post=33"}],"version-history":[{"count":9,"href":"https:\/\/cazaretargucarbunesti.ro\/index.php\/wp-json\/wp\/v2\/pages\/33\/revisions"}],"predecessor-version":[{"id":590,"href":"https:\/\/cazaretargucarbunesti.ro\/index.php\/wp-json\/wp\/v2\/pages\/33\/revisions\/590"}],"wp:attachment":[{"href":"https:\/\/cazaretargucarbunesti.ro\/index.php\/wp-json\/wp\/v2\/media?parent=33"}],"curies":[{"name":"wp","href":"https:\/\/api.w.org\/{rel}","templated":true}]}}